{"id":194,"date":"2020-03-04T22:52:36","date_gmt":"2020-03-04T21:52:36","guid":{"rendered":"https:\/\/www.apigraphe.com\/?page_id=194"},"modified":"2020-03-05T00:04:18","modified_gmt":"2020-03-04T23:04:18","slug":"presentation-du-site-de-lartiste-christiane-erard","status":"publish","type":"page","link":"https:\/\/www.apigraphe.com\/index.php\/presentation-du-site-de-lartiste-christiane-erard\/","title":{"rendered":"Christiane \u00c9rard"},"content":{"rendered":"\n<h2 class=\"has-text-align-center\">Pr\u00e9sentation du site<\/h2>\n\n\n\n<h3>1-L&rsquo;identit\u00e9 visuelle<\/h3>\n\n\n\n<p> <strong>Le site a \u00e9t\u00e9 r\u00e9alis\u00e9 avec le CMS WordPress<\/strong><br> Le th\u00e8me minimaliste, le choix des couleurs, la typographie sans  emp\u00e2tement et les contenus a\u00e9r\u00e9s permettent de mettre en valeur les  \u0153uvres de l&rsquo;artiste.         <\/p>\n\n\n\n<h3>2-D\u00e9veloppement du site<\/h3>\n\n\n\n<ul><li>D\u00e9veloppement d&rsquo;un th\u00e8me WordPress personnalis\u00e9.<\/li><li>Actualit\u00e9s, afin de suivre l&rsquo;artiste.<\/li><li>Int\u00e9gration d&rsquo;une vid\u00e9o et des images de l&rsquo;artistes.<\/li><li>Ajouts de plugins: galerie d&rsquo;images, formulaire de contact, anti-spam pour les formulaires, r\u00e9f\u00e9rencement naturelle (choix de mots cl\u00e9s).<\/li><\/ul>\n\n\n\n<h3>3-L&rsquo;h\u00e9bergement et le fonctionnement du site<\/h3>\n\n\n\n<p>\n        Le site est h\u00e9berg\u00e9 chez OVH. <strong>Il a \u00e9t\u00e9 r\u00e9alis\u00e9 avec le CMS WordPress.<\/strong> Apr\u00e8s une formation, l&rsquo;interface d&rsquo;administration du logiciel permet une gestion personnelle du site.\n        <\/p>\n\n\n\n<div class=\"wp-block-button aligncenter\"><a class=\"wp-block-button__link\" href=\"https:\/\/www.christiane-erard.com\/\">Lien vers le projet<\/a><\/div>\n","protected":false},"excerpt":{"rendered":"<p>Pr\u00e9sentation du site 1-L&rsquo;identit\u00e9 visuelle Le site a \u00e9t\u00e9 r\u00e9alis\u00e9 avec le CMS WordPress Le th\u00e8me minimaliste, le choix des couleurs, la typographie sans emp\u00e2tement et les contenus a\u00e9r\u00e9s permettent de mettre en valeur les \u0153uvres de l&rsquo;artiste. 2-D\u00e9veloppement du site D\u00e9veloppement d&rsquo;un th\u00e8me WordPress personnalis\u00e9. Actualit\u00e9s, afin de suivre l&rsquo;artiste. Int\u00e9gration d&rsquo;une vid\u00e9o et&hellip; <br \/> <a class=\"read-more\" href=\"https:\/\/www.apigraphe.com\/index.php\/presentation-du-site-de-lartiste-christiane-erard\/\">Lire la suite<\/a><\/p>\n","protected":false},"author":1,"featured_media":0,"parent":0,"menu_order":0,"comment_status":"closed","ping_status":"closed","template":"","meta":{"_monsterinsights_skip_tracking":false,"_monsterinsights_sitenote_active":false,"_monsterinsights_sitenote_note":"","_monsterinsights_sitenote_category":0},"_links":{"self":[{"href":"https:\/\/www.apigraphe.com\/index.php\/wp-json\/wp\/v2\/pages\/194"}],"collection":[{"href":"https:\/\/www.apigraphe.com\/index.php\/wp-json\/wp\/v2\/pages"}],"about":[{"href":"https:\/\/www.apigraphe.com\/index.php\/wp-json\/wp\/v2\/types\/page"}],"author":[{"embeddable":true,"href":"https:\/\/www.apigraphe.com\/index.php\/wp-json\/wp\/v2\/users\/1"}],"replies":[{"embeddable":true,"href":"https:\/\/www.apigraphe.com\/index.php\/wp-json\/wp\/v2\/comments?post=194"}],"version-history":[{"count":11,"href":"https:\/\/www.apigraphe.com\/index.php\/wp-json\/wp\/v2\/pages\/194\/revisions"}],"predecessor-version":[{"id":233,"href":"https:\/\/www.apigraphe.com\/index.php\/wp-json\/wp\/v2\/pages\/194\/revisions\/233"}],"wp:attachment":[{"href":"https:\/\/www.apigraphe.com\/index.php\/wp-json\/wp\/v2\/media?parent=194"}],"curies":[{"name":"wp","href":"https:\/\/api.w.org\/{rel}","templated":true}]}}