{"id":225,"date":"2020-03-04T23:58:00","date_gmt":"2020-03-04T22:58:00","guid":{"rendered":"https:\/\/www.apigraphe.com\/?page_id=225"},"modified":"2020-03-05T00:01:05","modified_gmt":"2020-03-04T23:01:05","slug":"ayurnatur","status":"publish","type":"page","link":"https:\/\/www.apigraphe.com\/index.php\/ayurnatur\/","title":{"rendered":"Ayurnatur"},"content":{"rendered":"\n<h2 class=\"has-text-align-center\">Cr\u00e9ation du site Ayurnatur<\/h2>\n\n\n\n<h3>1-L&rsquo;identit\u00e9 visuelle<\/h3>\n\n\n\n<p>\n        <strong>La charte graphique<\/strong> g\u00e9n\u00e9rale du site s&rsquo;appuie sur une recherche de th\u00e8me WordPress. <br>\n        Par ses couleurs, son gabarit, ses fonctionnalit\u00e9s et sa \ntypographie (qui n&rsquo;a pas \u00e9t\u00e9 modifi\u00e9e), le th\u00e8me choisi, SKT Spa, se \npr\u00eate particuli\u00e8rement \u00e0 un site de <strong>naturopathie<\/strong>, tourn\u00e9 vers la sensibilisation aux th\u00e9rapies naturelles et traditionnelles.<br>\n        Le th\u00e8me d\u00e9velopp\u00e9 s&rsquo;adapte \u00e0 toutes les <strong>r\u00e9solutions d&rsquo;\u00e9crans<\/strong>, du smartphone \u00e0 l&rsquo;ordinateur de bureau.\n        <\/p>\n\n\n\n<h3>2-D\u00e9veloppement du site<\/h3>\n\n\n\n<ul><li>D\u00e9veloppement d&rsquo;un th\u00e8me WordPress personnalis\u00e9.<\/li><li>Traduction du th\u00e8me en fran\u00e7ais.<\/li><li>Smooth scroll links, effet d&rsquo;animation sur les liens.<\/li><li>Cr\u00e9ation d&rsquo;un th\u00e8me enfant, afin de prot\u00e9ger son site lors des mises \u00e0 jours.<\/li><li>Ajouts de plugins:\n formulaire de contact, carte de localisation, anti-spam pour les \nformulaires, Google analyticator pour analyser le nombre et la \nprovenance des visteurs, r\u00e9f\u00e9rencement naturelle (choix de mots cl\u00e9s).<\/li><\/ul>\n\n\n\n<h3>3-L&rsquo;h\u00e9bergement et le fonctionnement du site<\/h3>\n\n\n\n<p>\n        Le site est h\u00e9berg\u00e9 chez OVH. <strong>Naturopathie et ayurveda est un site dynamique r\u00e9alis\u00e9 avec le CMS WordPress.<\/strong> Apr\u00e8s une formation, l&rsquo;interface d&rsquo;administration du logiciel permet une gestion du site.\n        <\/p>\n\n\n\n<div class=\"wp-block-button aligncenter\"><a class=\"wp-block-button__link\" href=\"https:\/\/ayurnatur.com\/\">Lien vers le projet<\/a><\/div>\n","protected":false},"excerpt":{"rendered":"<p>Cr\u00e9ation du site Ayurnatur 1-L&rsquo;identit\u00e9 visuelle La charte graphique g\u00e9n\u00e9rale du site s&rsquo;appuie sur une recherche de th\u00e8me WordPress. Par ses couleurs, son gabarit, ses fonctionnalit\u00e9s et sa typographie (qui n&rsquo;a pas \u00e9t\u00e9 modifi\u00e9e), le th\u00e8me choisi, SKT Spa, se pr\u00eate particuli\u00e8rement \u00e0 un site de naturopathie, tourn\u00e9 vers la sensibilisation aux th\u00e9rapies naturelles et&hellip; <br \/> <a class=\"read-more\" href=\"https:\/\/www.apigraphe.com\/index.php\/ayurnatur\/\">Lire la suite<\/a><\/p>\n","protected":false},"author":1,"featured_media":0,"parent":0,"menu_order":0,"comment_status":"closed","ping_status":"closed","template":"","meta":{"_monsterinsights_skip_tracking":false,"_monsterinsights_sitenote_active":false,"_monsterinsights_sitenote_note":"","_monsterinsights_sitenote_category":0},"_links":{"self":[{"href":"https:\/\/www.apigraphe.com\/index.php\/wp-json\/wp\/v2\/pages\/225"}],"collection":[{"href":"https:\/\/www.apigraphe.com\/index.php\/wp-json\/wp\/v2\/pages"}],"about":[{"href":"https:\/\/www.apigraphe.com\/index.php\/wp-json\/wp\/v2\/types\/page"}],"author":[{"embeddable":true,"href":"https:\/\/www.apigraphe.com\/index.php\/wp-json\/wp\/v2\/users\/1"}],"replies":[{"embeddable":true,"href":"https:\/\/www.apigraphe.com\/index.php\/wp-json\/wp\/v2\/comments?post=225"}],"version-history":[{"count":7,"href":"https:\/\/www.apigraphe.com\/index.php\/wp-json\/wp\/v2\/pages\/225\/revisions"}],"predecessor-version":[{"id":237,"href":"https:\/\/www.apigraphe.com\/index.php\/wp-json\/wp\/v2\/pages\/225\/revisions\/237"}],"wp:attachment":[{"href":"https:\/\/www.apigraphe.com\/index.php\/wp-json\/wp\/v2\/media?parent=225"}],"curies":[{"name":"wp","href":"https:\/\/api.w.org\/{rel}","templated":true}]}}