{"id":332,"date":"2021-11-01T16:20:21","date_gmt":"2021-11-01T15:20:21","guid":{"rendered":"https:\/\/www.apigraphe.com\/?page_id=332"},"modified":"2021-11-02T08:39:48","modified_gmt":"2021-11-02T07:39:48","slug":"pizzeria-le-spot","status":"publish","type":"page","link":"https:\/\/www.apigraphe.com\/index.php\/pizzeria-le-spot\/","title":{"rendered":"Pizzeria le Spot"},"content":{"rendered":"\n<h2>Cr\u00e9ation du site pour la pizzeria le Spot \u00e0 Gu\u00e9thary<\/h2>\n\n\n\n<h3>1-L&rsquo;identit\u00e9 visuelle<\/h3>\n\n\n\n<p>         Site statique r\u00e9alis\u00e9 avec Bootsrap. Le th\u00e8me choisi a \u00e9t\u00e9 modifi\u00e9 pour le personnaliser. Les couleurs ont \u00e9t\u00e9 s\u00e9lectionn\u00e9es en fonction du logo d\u00e9j\u00e0 existant.<br>         Le gabarit est adapt\u00e9 aux restaurants avec notamment un menu, un diaporama photos et une carte OpenStreetMap afin de localiser l&#8217;emplacement.<\/p>\n\n\n\n<h2>2-D\u00e9veloppement du site<\/h2>\n\n\n\n<ul><li>D\u00e9veloppement d&rsquo;un site statique personnalis\u00e9 avec HTML, CSS et JavaScript pour r\u00e9aliser les animations et le diaporama.<\/li><li>Le site s&rsquo;adapte \u00e0 tous les formats d&rsquo;\u00e9crans.<\/li><li>Ajout des mentions l\u00e9gales. Aucun cookie n&rsquo;est utilis\u00e9, il n&rsquo;y a donc pas d&rsquo;avertissement.<\/li><li>Int\u00e9gration d&rsquo;une carte OpenStreetMap avec la librairie Leaflet<\/li><li>Site sans base de donn\u00e9es, simple, rapide et robuste.<\/li><\/ul>\n\n\n\n<h2>3-L&rsquo;h\u00e9bergement et le fonctionnement du site<\/h2>\n\n\n\n<p>         <strong>Site statique r\u00e9alis\u00e9 avec Bootstrap et h\u00e9berg\u00e9 avec GitHub Pages<\/strong>. Nom de domaine pris chez OVH. Contrairement \u00e0 un site dynamique type WordPress, sa gestion est moins \u00e9vidente. Cependant, avec une formation de plusieurs heures, le site peut tout de m\u00eame \u00eatre administr\u00e9 en compl\u00e8te autonomie sans recours \u00e0 un prestataire web.<\/p>\n\n\n\n<div class=\"wp-block-button aligncenter\"><a class=\"wp-block-button__link\" href=\"https:\/\/www.pizzerialespot.com\/\">Lien vers le site<\/a><\/div>\n\n\n\n<p><\/p>\n","protected":false},"excerpt":{"rendered":"<p>Cr\u00e9ation du site pour la pizzeria le Spot \u00e0 Gu\u00e9thary 1-L&rsquo;identit\u00e9 visuelle Site statique r\u00e9alis\u00e9 avec Bootsrap. Le th\u00e8me choisi a \u00e9t\u00e9 modifi\u00e9 pour le personnaliser. Les couleurs ont \u00e9t\u00e9 s\u00e9lectionn\u00e9es en fonction du logo d\u00e9j\u00e0 existant. Le gabarit est adapt\u00e9 aux restaurants avec notamment un menu, un diaporama photos et une carte OpenStreetMap afin&hellip; <br \/> <a class=\"read-more\" href=\"https:\/\/www.apigraphe.com\/index.php\/pizzeria-le-spot\/\">Lire la suite<\/a><\/p>\n","protected":false},"author":1,"featured_media":0,"parent":0,"menu_order":0,"comment_status":"closed","ping_status":"closed","template":"","meta":{"_monsterinsights_skip_tracking":false,"_monsterinsights_sitenote_active":false,"_monsterinsights_sitenote_note":"","_monsterinsights_sitenote_category":0},"_links":{"self":[{"href":"https:\/\/www.apigraphe.com\/index.php\/wp-json\/wp\/v2\/pages\/332"}],"collection":[{"href":"https:\/\/www.apigraphe.com\/index.php\/wp-json\/wp\/v2\/pages"}],"about":[{"href":"https:\/\/www.apigraphe.com\/index.php\/wp-json\/wp\/v2\/types\/page"}],"author":[{"embeddable":true,"href":"https:\/\/www.apigraphe.com\/index.php\/wp-json\/wp\/v2\/users\/1"}],"replies":[{"embeddable":true,"href":"https:\/\/www.apigraphe.com\/index.php\/wp-json\/wp\/v2\/comments?post=332"}],"version-history":[{"count":10,"href":"https:\/\/www.apigraphe.com\/index.php\/wp-json\/wp\/v2\/pages\/332\/revisions"}],"predecessor-version":[{"id":351,"href":"https:\/\/www.apigraphe.com\/index.php\/wp-json\/wp\/v2\/pages\/332\/revisions\/351"}],"wp:attachment":[{"href":"https:\/\/www.apigraphe.com\/index.php\/wp-json\/wp\/v2\/media?parent=332"}],"curies":[{"name":"wp","href":"https:\/\/api.w.org\/{rel}","templated":true}]}}