{"id":9,"date":"2020-03-01T23:03:32","date_gmt":"2020-03-01T22:03:32","guid":{"rendered":"https:\/\/www.apigraphe.com\/index.php\/mesmerize\/"},"modified":"2023-05-21T01:10:32","modified_gmt":"2023-05-20T23:10:32","slug":"mesmerize","status":"publish","type":"page","link":"https:\/\/www.apigraphe.com\/","title":{"rendered":"Front Page"},"content":{"rendered":"<div  id=\"a-propos\" style=\"background-color: #ffffff;\" data-label=\"\u00c0 propos\" data-id=\"team-2\" data-export-id=\"team-2\" data-category=\"team\" class=\"team-2 content-section content-section-spacing\"><div  class=\"gridContainer\"> <div  class=\"row text-center\"><div  class=\"section-title-col\" data-type=\"column\"> <h2  class=\"\">\u00c0 propos<\/h2> <p  class=\"lead\">Je m\u2019appelle Cowichan Fournier et je suis D\u00e9veloppeur Web freelance. En 2016, j\u2019ai cr\u00e9\u00e9 mon entreprise et je pr\u00e9sente ici une partie de mon travail consacr\u00e9e \u00e0 la cr\u00e9ation de site Internet cl\u00e9 en main.\n<\/p><p  class=\"lead\">Je suis \u00e9galement  mentor chez OpenClassrooms depuis de nombreuses ann\u00e9es, mais aussi formateur Web pour la CCI des Hautes-Alpes et l\u2019\u00e9cole WebForce3.<\/p><a data-cp-link=\"1\" href=\"https:\/\/openclassrooms.com\/fr\" class=\"\" target=\"_self\" rel=\"noopener\"><img  class=\"custom-image\" src=\"https:\/\/www.apigraphe.com\/wp-content\/uploads\/2023\/05\/cropped-oc.jpeg\" title=\"cropped-oc.jpeg\" alt=\"Cowichan Fournier mentor OpenClassrooms\"><\/a><a data-cp-link=\"1\" href=\"https:\/\/www.cci05formation.fr\/nos-formations\/metiers-du-numerique\" class=\"\" target=\"_self\" rel=\"noopener\"><img  class=\"custom-image\" src=\"https:\/\/www.apigraphe.com\/wp-content\/uploads\/2023\/05\/cci.jpeg\" title=\"cci\" alt=\"\"><\/a><a data-cp-link=\"1\" href=\"https:\/\/www.wf3.fr\" class=\"\" target=\"_self\" rel=\"noopener\"><img  class=\"custom-image\" src=\"https:\/\/www.apigraphe.com\/wp-content\/uploads\/2023\/05\/wf3.jpeg\" title=\"wf3\" alt=\"\"><\/a><p  class=\"lead\">Mon profil de formateur et de d\u00e9veloppeur me permet de \nrassembler des comp\u00e9tences \u00e9tendues, tant dans le domaine du d\u00e9veloppement Web qu\u2019en Webdesign, h\u00e9bergement, r\u00e9f\u00e9rencement et accessibilt\u00e9.<br ><br >R\u00e9solument\n tourn\u00e9 vers l\u2019avenir, je me tiens \u00e0 jour des derni\u00e8res solutions et \nnouveaut\u00e9s qui me permettent ensuite de proposer des solutions \npersonnalis\u00e9es. \n<\/p><h4  class=\"\">Suivez ma page pro sur facebook et mon profil linkedIn<\/h4><\/div> <\/div> <div  class=\"row spaced-cols center-sm\" data-type=\"row\">        <div  class=\"col-sm-6 col-md-6\"> <div  class=\"card y-move no-padding bordered\">  <div  data-type=\"column\" class=\"col-padding-small col-padding-small-xs description-container\">   <div  class=\"social-icons-group\" data-type=\"group\"> <a href=\"https:\/\/www.facebook.com\/apigraphe\" target=\"_self\" class=\"\" rel=\"noopener noreferrer\"><i  class=\"gray fa icon fa-facebook-square\"><\/i><\/a> <a href=\"#\" target=\"_self\" data-reiki-hidden=\"true\" rel=\"noopener noreferrer\"><i  class=\"gray fa icon fa-twitter-square\"><\/i><\/a> <a href=\"https:\/\/www.linkedin.com\/in\/cowichanfournier\" target=\"_self\" class=\"\" rel=\"noopener noreferrer\"><i  class=\"gray fa icon fa-linkedin-square\"><\/i><\/a> <a href=\"https:\/\/github.com\/Cowichan\" target=\"_self\" class=\"\" data-reiki-hidden=\"true\" rel=\"noopener noreferrer\"><i  class=\"gray fa icon fa-github\"><\/i><\/a><\/div> <\/div><\/div> <\/div><\/div> <\/div><\/div><div  id=\"services\" style=\"background-color: #ffffff;\" data-label=\"Services\" data-id=\"features-12-card-bordered\" data-export-id=\"features-12-card-bordered\" data-category=\"features\" class=\"features-12-card-bordered content-section content-section-spacing \"><div  class=\"gridContainer\"> <div  class=\"row text-center\"><div  class=\"section-title-col\" data-type=\"column\"> <h2  class=\"\">Services<\/h2> <p  class=\"lead\">Je propose diff\u00e9rents services li\u00e9s au d\u00e9veloppement web<\/p><\/div> <\/div> <div  class=\"row spaced-cols\" data-type=\"row\"> <div  class=\"col-sm-6\"> <div  class=\"card row-card bordered y-move\"> <div  class=\"row\"> <div  class=\"col-sm-fit icon-column\"> <i  class=\"fa icon fa-connectdevelop round bordered color2\"><\/i> <\/div> <div  class=\"col-sm\" data-type=\"column\"> <h5  class=\"color2\">Conception de sites Internet<\/h5> <p  class=\"\">Apr\u00e8s analyse, je vous propose une solution personnalis\u00e9e pour la cr\u00e9ation de votre site Internet incluant le design, le code, le r\u00e9f\u00e9rencement, l\u2019h\u00e9bergement, le nom de domaine mais aussi une formation afin de prendre en main votre site. <\/p><\/div> <\/div><\/div> <\/div> <div  class=\"col-sm-6\"> <div  class=\"card row-card bordered y-move\"> <div  class=\"row\"> <div  class=\"col-sm-fit icon-column\"> <i  class=\"fa icon fa-codepen round bordered color2\"><\/i> <\/div> <div  class=\"col-sm\" data-type=\"column\"> <h5  class=\"color2\">Maintenance<\/h5><p  class=\"\">Je peux aussi m\u2019occuper de la maintenance du site apr\u00e8s la premi\u00e8re ann\u00e9e. Surveillance, optimisation, sauvegarde du site, mises \u00e0 jour des extensions, du th\u00e8me et du logiciel de cr\u00e9ation.<\/p> <\/div> <\/div><\/div> <\/div> <div  class=\"col-sm-6\"> <div  class=\"card row-card bordered y-move\"> <div  class=\"row\"> <div  class=\"col-sm-fit icon-column\"> <i  class=\"fa icon fa-cube round bordered color2\"><\/i> <\/div> <div  class=\"col-sm\" data-type=\"column\"> <h5  class=\"color2\">Formation<\/h5> <p  class=\"\">Je propose aussi des formations personnalis\u00e9es.  \n<br >vous souhaitez vous former en d\u00e9veloppant votre projet ou une fonctionnalit\u00e9 ?&nbsp;\n<br >Je peux vous accompagner.<\/p><\/div> <\/div><\/div> <\/div> <div  class=\"col-sm-6\"> <div  class=\"card row-card bordered y-move\"> <div  class=\"row\"> <div  class=\"col-sm-fit icon-column\"> <i  class=\"fa icon fa-database round bordered color2\"><\/i> <\/div> <div  class=\"col-sm\" data-type=\"column\"> <h5  class=\"color2\">Interventions ponctuelles<\/h5> <p  class=\"\">Vous souhaitez une refonte de votre site, passer sur un autre logiciel de conception web, changer d\u2019h\u00e9bergeur ou bien d\u00e9velopper une nouvelle fonctionnalit\u00e9 sur votre site. \n<br >J\u2019interviens ponctuellement. <\/p><\/div> <\/div><\/div> <\/div><\/div> <\/div><\/div><div  id=\"realisations\" style=\"background-color: #f5fafd;\" data-label=\"R\u00e9alisations\" data-id=\"portfolio-4\" data-export-id=\"portfolio-4\" data-category=\"portfolio\" class=\"portfolio-4 content-section content-section-spacing-top\"><div  class=\"\"> <div  class=\"row text-center\"><div  class=\"section-title-col\" data-type=\"column\"> <h2  class=\"\">R\u00e9alisations<\/h2> <p  class=\"lead\">R\u00e9alisations de sites statiques ou dynamiques selon les projets<\/p><\/div> <\/div> <div  data-type=\"row\" class=\"row\" data-fixed=\"true\">  <div  class=\"col-xs-12 col-sm-3 no-gutter-col\"><div  class=\"contentswap-effect\" data-hover-fx=\"portfolio-4\"> <div  class=\"initial-image\"> <img  data-size=\"542x360\" src=\"https:\/\/www.apigraphe.com\/wp-content\/uploads\/2020\/03\/cropped-intradosse-1.png\"><\/div> <div  class=\"overlay bg-color1\"><\/div> <div  class=\"swap-inner col-xs-12\"> <div  class=\"row full-height-row middle-xs middle-sm\"> <div  class=\"col-xs-12 text-center content-holder\"> <a href=\"https:\/\/www.apigraphe.com\/index.php\/intradosse-2\" target=\"_self\" class=\"\" rel=\"noopener noreferrer\"><i  class=\"fa icon portfolio-icon fa-search big\" aria-hidden=\"true\"><\/i><\/a><\/div> <\/div><\/div> <\/div><\/div> <div  class=\"col-xs-12 col-sm-3 no-gutter-col\"><div  class=\"contentswap-effect\" data-hover-fx=\"portfolio-4\"> <div  class=\"initial-image\"> <img  data-size=\"542x360\" src=\"https:\/\/www.apigraphe.com\/wp-content\/uploads\/2020\/03\/cropped-naturopathie.png\"><\/div> <div  class=\"overlay bg-color1\"><\/div> <div  class=\"swap-inner col-xs-12\"> <div  class=\"row full-height-row middle-xs middle-sm\"> <div  class=\"col-xs-12 text-center content-holder\"> <a href=\"https:\/\/www.apigraphe.com\/index.php\/ayurnatur\" target=\"_self\" class=\"\" rel=\"noopener noreferrer\"><i  class=\"fa icon portfolio-icon fa-search big\" aria-hidden=\"true\"><\/i><\/a><\/div> <\/div><\/div> <\/div><\/div>  <div  class=\"col-xs-12 col-sm-3 no-gutter-col\"><div  class=\"contentswap-effect\" data-hover-fx=\"portfolio-4\"> <div  class=\"initial-image\"> <img  data-size=\"542x360\" src=\"https:\/\/www.apigraphe.com\/wp-content\/uploads\/2020\/03\/cropped-lemas3.png\"><\/div> <div  class=\"overlay bg-color1\"><\/div> <div  class=\"swap-inner col-xs-12\"> <div  class=\"row full-height-row middle-xs middle-sm\"> <div  class=\"col-xs-12 text-center content-holder\"> <a href=\"https:\/\/www.apigraphe.com\/index.php\/le-mas-bleu-en-provence\" target=\"_self\" class=\"\" rel=\"noopener noreferrer\"><i  class=\"fa icon portfolio-icon fa-search big\" aria-hidden=\"true\"><\/i><\/a><\/div> <\/div><\/div> <\/div><\/div> <div  class=\"col-xs-12 col-sm-3 no-gutter-col\"><div  class=\"contentswap-effect\" data-hover-fx=\"portfolio-4\"> <div  class=\"initial-image\"> <img  data-size=\"542x360\" src=\"https:\/\/www.apigraphe.com\/wp-content\/uploads\/2020\/03\/cropped-monsieurcafeplumer.png\"><\/div> <div  class=\"overlay bg-color1\"><\/div> <div  class=\"swap-inner col-xs-12\"> <div  class=\"row full-height-row middle-xs middle-sm\"> <div  class=\"col-xs-12 text-center content-holder\"> <a href=\"https:\/\/www.apigraphe.com\/index.php\/monsieur-cafe-plumer\" target=\"_self\" class=\"\" rel=\"noopener noreferrer\"><i  class=\"fa icon portfolio-icon fa-search big\" aria-hidden=\"true\"><\/i><\/a><\/div> <\/div><\/div> <\/div><\/div>  <div  class=\"col-xs-12 col-sm-3 no-gutter-col\"><div  class=\"contentswap-effect\" data-hover-fx=\"portfolio-4\"> <div  class=\"initial-image\"> <img  data-size=\"542x360\" src=\"https:\/\/www.apigraphe.com\/wp-content\/uploads\/2020\/03\/cropped-services-orchidee.png\"><\/div> <div  class=\"overlay bg-color1\"><\/div> <div  class=\"swap-inner col-xs-12\"> <div  class=\"row full-height-row middle-xs middle-sm\"> <div  class=\"col-xs-12 text-center content-holder\"> <a href=\"https:\/\/www.conciergerielorchidee.com\" target=\"_self\" class=\"\" rel=\"noopener noreferrer\"><i  class=\"fa icon portfolio-icon fa-search big\" aria-hidden=\"true\"><\/i><\/a><\/div> <\/div><\/div> <\/div><\/div> <div  class=\"col-xs-12 col-sm-3 no-gutter-col\"> <div  class=\"contentswap-effect\" data-hover-fx=\"portfolio-4\"> <div  class=\"initial-image\"> <img  data-size=\"542x360\" src=\"https:\/\/www.apigraphe.com\/wp-content\/uploads\/2020\/03\/cropped-christiane-erard-artiste.png.jpeg\"><\/div> <div  class=\"overlay bg-color1\"><\/div> <div  class=\"swap-inner col-xs-12\"> <div  class=\"row full-height-row middle-xs middle-sm\"> <div  class=\"col-xs-12 text-center content-holder\"> <a href=\"https:\/\/www.apigraphe.com\/index.php\/presentation-du-site-de-lartiste-christiane-erard?preview_id=194\" target=\"_self\" class=\"\" rel=\"noopener noreferrer\"><i  class=\"fa icon portfolio-icon fa-search big\" aria-hidden=\"true\"><\/i><\/a><\/div> <\/div><\/div> <\/div><\/div><div  class=\"col-xs-12 col-sm-3 no-gutter-col\"><div  class=\"contentswap-effect\" data-hover-fx=\"portfolio-4\"> <div  class=\"initial-image\"> <img  data-size=\"542x360\" src=\"https:\/\/www.apigraphe.com\/wp-content\/uploads\/2021\/11\/cropped-lespot.png\"><\/div> <div  class=\"overlay bg-color1\"><\/div> <div  class=\"swap-inner col-xs-12\"> <div  class=\"row full-height-row middle-xs middle-sm\"> <div  class=\"col-xs-12 text-center content-holder\"> <a href=\"https:\/\/www.apigraphe.com\/index.php\/pizzeria-le-spot\" target=\"_self\" class=\"\" rel=\"noopener noreferrer\"><i  class=\"fa icon portfolio-icon fa-search big\" aria-hidden=\"true\"><\/i><\/a><\/div> <\/div><\/div> <\/div><\/div><\/div><\/div> <\/div><div  id=\"articles\" style=\"background-color: #f5fafd;\" data-label=\"Articles\" data-id=\"blog-section\" data-export-id=\"blog-section\" data-category=\"latest_news\" class=\"blog-section blog-section-standard content-section content-section-spacing\"><div  class=\"gridContainer\"> <div  class=\"row\"><div  data-type=\"column\" class=\"section-title-col\"> <h2  class=\"\">Articles<\/h2> <p  class=\"lead\">D\u00e9couvrez mes articles sur la conception web et les outils d\u2019un d\u00e9veloppeur frontend<\/p><\/div> <\/div> <div  class=\"row\"> <div  data-type=\"row\" data-dynamic-columns=\"handled\" data-content-shortcode=\"mesmerize_latest_news\">        <div class=\"row center-sm content-left-sm\">\n                    <div id=\"post-1\" class=\"col-sm-6 col-md-4 space-bottom space-bottom-xs\">\n                <div class=\"post-content card y-move bordered\">\n                    <div class=\"post-thumbnail\">\n   <a href=\"https:\/\/www.apigraphe.com\/index.php\/2020\/03\/01\/etapes-conception-site\/\" class=\"post-list-item-thumb \">\n      <img width=\"1024\" height=\"598\" src=\"https:\/\/www.apigraphe.com\/wp-content\/uploads\/2020\/03\/pxfuel.com1_-1024x598.jpg\" class=\"attachment-post-thumbnail size-post-thumbnail wp-post-image\" alt=\"Cowichan Fournier d\u00e9veloppeur web \u00e0 Gap\" loading=\"lazy\" srcset=\"https:\/\/www.apigraphe.com\/wp-content\/uploads\/2020\/03\/pxfuel.com1_-1024x598.jpg 1024w, https:\/\/www.apigraphe.com\/wp-content\/uploads\/2020\/03\/pxfuel.com1_-300x175.jpg 300w, https:\/\/www.apigraphe.com\/wp-content\/uploads\/2020\/03\/pxfuel.com1_-768x448.jpg 768w, https:\/\/www.apigraphe.com\/wp-content\/uploads\/2020\/03\/pxfuel.com1_-1536x897.jpg 1536w, https:\/\/www.apigraphe.com\/wp-content\/uploads\/2020\/03\/pxfuel.com1_-2048x1196.jpg 2048w, https:\/\/www.apigraphe.com\/wp-content\/uploads\/2020\/03\/pxfuel.com1_-1850x1080.jpg 1850w\" sizes=\"(max-width: 1024px) 100vw, 1024px\" \/>   <\/a>\n<\/div>\n                    <div class=\"col-padding col-padding-xs\">\n                        <h3 class=\"post-title space-bottom-small\">\n                            <a href=\"https:\/\/www.apigraphe.com\/index.php\/2020\/03\/01\/etapes-conception-site\/\" rel=\"bookmark\">\n                                Les \u00e9tapes de la conception d&rsquo;un site Internet                            <\/a>\n                        <\/h3>\n                        <p>Chaque projet est diff\u00e9rent, chaque site a ses propres fonctionnalit\u00e9s mais aussi un design adapt\u00e9 \u00e0 son image.Cependant, il est possible de d\u00e9gager quelques grandes \u00e9tapes communes \u00e0 la conception[&hellip;]<\/p>\n                        <a class=\"read-more link\" href=\"https:\/\/www.apigraphe.com\/index.php\/2020\/03\/01\/etapes-conception-site\/\">\n                            Lire la suite                        <\/a>\n                    <\/div>\n                <\/div>\n            <\/div>\n            <\/div>\n    <\/div><\/div> <div  class=\"row\"><div  class=\"text-center\"> <a  class=\"button color1\" data-attr-shortcode=\"href:mesmerize_blog_link\" href=\"https:\/\/www.apigraphe.com\/index.php\/blog\/\">Lien vers tous les articles<\/a><\/div> <\/div><\/div><\/div><div  id=\"contact-1\" data-label=\"Contact\" data-id=\"contact-1\" data-export-id=\"contact-1\" data-category=\"contact\" class=\"contact-1 content-section content-section-spacing white-text\" data-parallax-depth=\"20\"><div  class=\"gridContainer\"> <div  class=\"row text-center\"><div  class=\"section-title-col\" data-type=\"column\"><h2  class=\"\">Contact<\/h2>  <p  class=\"\">Apigraphe se situe \u00e0 Gap dans le d\u00e9partement des Hautes-Alpes (05). Je travaille dans l\u2019espace de coworking, la locomotive.<br >Pour un projet ou une question, contactez-moi en remplissant le formulaire ci-dessous ou bien en m\u2019envoyant un email \u00e0 : contact[arobase]apigraphe.com (remplacer [arobase] par @)<\/p><\/div> <\/div> <div  class=\"row text-center\"> <div  class=\"col-xs-12 col-sm-8 col-sm-offset-2 contact-form-wrapper inline-info\"> <div  class=\"card large-padding\"> <div  class=\"\" data-content-shortcode=\"mesmerize_contact_form shortcode=&quot;wpforms id=&amp;amp;quot;169&amp;amp;quot; title=&amp;amp;quot;false&amp;amp;quot; description=&amp;amp;quot;false&amp;amp;quot;&quot;\" data-editable=\"true\"><div class=\"wpforms-container wpforms-container-full\" id=\"wpforms-169\"><form id=\"wpforms-form-169\" class=\"wpforms-validate wpforms-form\" data-formid=\"169\" method=\"post\" enctype=\"multipart\/form-data\" action=\"\/index.php\/wp-json\/wp\/v2\/pages\/9\" data-token=\"a64c58199bc9260eee314e092289d776\"><noscript class=\"wpforms-error-noscript\">Veuillez activer JavaScript dans votre navigateur pour remplir ce formulaire.<\/noscript><div class=\"wpforms-field-container\"><div id=\"wpforms-169-field_0-container\" class=\"wpforms-field wpforms-field-name\" data-field-id=\"0\"><label class=\"wpforms-field-label\" for=\"wpforms-169-field_0\">Identit\u00e9 <span class=\"wpforms-required-label\">*<\/span><\/label><div class=\"wpforms-field-row wpforms-field-large\"><div class=\"wpforms-field-row-block wpforms-first wpforms-one-half\"><input type=\"text\" id=\"wpforms-169-field_0\" class=\"wpforms-field-name-first wpforms-field-required\" name=\"wpforms[fields][0][first]\" required><label for=\"wpforms-169-field_0\" class=\"wpforms-field-sublabel after \">Pr\u00e9nom<\/label><\/div><div class=\"wpforms-field-row-block wpforms-one-half\"><input type=\"text\" id=\"wpforms-169-field_0-last\" class=\"wpforms-field-name-last wpforms-field-required\" name=\"wpforms[fields][0][last]\" required><label for=\"wpforms-169-field_0-last\" class=\"wpforms-field-sublabel after \">Nom<\/label><\/div><\/div><\/div><div id=\"wpforms-169-field_1-container\" class=\"wpforms-field wpforms-field-email\" data-field-id=\"1\"><label class=\"wpforms-field-label\" for=\"wpforms-169-field_1\">Email <span class=\"wpforms-required-label\">*<\/span><\/label><input type=\"email\" id=\"wpforms-169-field_1\" class=\"wpforms-field-large wpforms-field-required\" name=\"wpforms[fields][1]\" required><\/div><div id=\"wpforms-169-field_2-container\" class=\"wpforms-field wpforms-field-textarea\" data-field-id=\"2\"><label class=\"wpforms-field-label\" for=\"wpforms-169-field_2\">Message <span class=\"wpforms-required-label\">*<\/span><\/label><textarea id=\"wpforms-169-field_2\" class=\"wpforms-field-large wpforms-field-required\" name=\"wpforms[fields][2]\" required><\/textarea><\/div><\/div><div class=\"wpforms-field wpforms-field-hp\"><label for=\"wpforms-169-field-hp\" class=\"wpforms-field-label\">Phone<\/label><input type=\"text\" name=\"wpforms[hp]\" id=\"wpforms-169-field-hp\" class=\"wpforms-field-medium\"><\/div><div class=\"wpforms-recaptcha-container wpforms-is-recaptcha\" ><div class=\"g-recaptcha\" data-sitekey=\"6LeREuEUAAAAADfcSwkaPD-cJR5IqleZ_41wlX8C\"><\/div><input type=\"text\" name=\"g-recaptcha-hidden\" class=\"wpforms-recaptcha-hidden\" style=\"position:absolute!important;clip:rect(0,0,0,0)!important;height:1px!important;width:1px!important;border:0!important;overflow:hidden!important;padding:0!important;margin:0!important;\" required><\/div><div class=\"wpforms-submit-container\" ><input type=\"hidden\" name=\"wpforms[id]\" value=\"169\"><input type=\"hidden\" name=\"wpforms[author]\" value=\"1\"><button type=\"submit\" name=\"wpforms[submit]\" class=\"wpforms-submit button color1\" id=\"wpforms-submit-169\" value=\"wpforms-submit\" aria-live=\"assertive\" data-alt-text=\"Sending...\" data-submit-text=\"Envoyer\">Envoyer<\/button><\/div><\/form><\/div>  <!-- .wpforms-container --><\/div><\/div> <\/div><\/div> <\/div><\/div>","protected":false},"excerpt":{"rendered":"<p>\u00c0 propos Je m\u2019appelle Cowichan Fournier et je suis D\u00e9veloppeur Web freelance. En 2016, j\u2019ai cr\u00e9\u00e9 mon entreprise et je pr\u00e9sente ici une partie de mon travail consacr\u00e9e \u00e0 la cr\u00e9ation de site Internet cl\u00e9 en main. Je suis \u00e9galement mentor chez OpenClassrooms depuis de nombreuses ann\u00e9es, mais aussi formateur Web pour la CCI des&hellip; <br \/> <a class=\"read-more\" href=\"https:\/\/www.apigraphe.com\/index.php\/2020\/03\/01\/etapes-conception-site\/\">Lire la suite<\/a><\/p>\n","protected":false},"author":1,"featured_media":0,"parent":0,"menu_order":0,"comment_status":"closed","ping_status":"closed","template":"page-templates\/homepage.php","meta":{"_monsterinsights_skip_tracking":false,"_monsterinsights_sitenote_active":false,"_monsterinsights_sitenote_note":"","_monsterinsights_sitenote_category":0},"_links":{"self":[{"href":"https:\/\/www.apigraphe.com\/index.php\/wp-json\/wp\/v2\/pages\/9"}],"collection":[{"href":"https:\/\/www.apigraphe.com\/index.php\/wp-json\/wp\/v2\/pages"}],"about":[{"href":"https:\/\/www.apigraphe.com\/index.php\/wp-json\/wp\/v2\/types\/page"}],"author":[{"embeddable":true,"href":"https:\/\/www.apigraphe.com\/index.php\/wp-json\/wp\/v2\/users\/1"}],"replies":[{"embeddable":true,"href":"https:\/\/www.apigraphe.com\/index.php\/wp-json\/wp\/v2\/comments?post=9"}],"version-history":[{"count":79,"href":"https:\/\/www.apigraphe.com\/index.php\/wp-json\/wp\/v2\/pages\/9\/revisions"}],"predecessor-version":[{"id":388,"href":"https:\/\/www.apigraphe.com\/index.php\/wp-json\/wp\/v2\/pages\/9\/revisions\/388"}],"wp:attachment":[{"href":"https:\/\/www.apigraphe.com\/index.php\/wp-json\/wp\/v2\/media?parent=9"}],"curies":[{"name":"wp","href":"https:\/\/api.w.org\/{rel}","templated":true}]}}